{"id":1273,"date":"2025-11-17T18:09:12","date_gmt":"2025-11-17T17:09:12","guid":{"rendered":"https:\/\/staging.smile-eventmanagement.com\/?page_id=1273"},"modified":"2026-01-22T14:39:08","modified_gmt":"2026-01-22T13:39:08","slug":"imprint-smile-arts","status":"publish","type":"page","link":"https:\/\/smileandarts.com\/en\/imprint-smile-arts\/","title":{"rendered":"Legal Disclaimer"},"content":{"rendered":"<div style=\"height:100px\" aria-hidden=\"true\" class=\"wp-block-spacer\"><\/div>\n\n\n\n<h1 class=\"wp-block-heading\" id=\"impressum\" style=\"border-style:none;border-width:0px\">Legal Disclaimer<\/h1>\n\n\n\n<p><strong>SMILE &amp; Arts GmbH<\/strong><\/p>\n\n\n\n<p>Managing Director:: Mag. Michaela Harnacker-Leithner, MA | Franz Harnacker<strong><br><\/strong>Z\u00f6gernsee 23<br>2000 Stockerau<br>Austria<\/p>\n\n\n\n<p>Phone:  +43 (0)2266 \/ 72041<br>E-Mail: <a href=\"mailto:office@smileandarts.com\">office@smileandarts.com<\/a><\/p>\n\n\n\n<p><strong>Company Number:<\/strong>&nbsp;FN368474z<\/p>\n\n\n\n<p><strong>Commercial Register Court:<\/strong>&nbsp;Landesgericht Korneuburg<\/p>\n\n\n\n<p><strong>UID-Nummer:<\/strong>&nbsp;ATU 66735269<\/p>\n\n\n\n<p><strong>GLN-Nummer:<\/strong>&nbsp;9110017798898<\/p>\n\n\n\n<p><strong>GISA:<\/strong>&nbsp;13011710, 13011703<\/p>\n\n\n\n<p><strong>Scope of Business:<\/strong>&nbsp;Sprachdienstleistungen<\/p>\n\n\n\n<p><strong>Authority:<\/strong>&nbsp;Bezirkshauptmannschaft Korneuburg<\/p>\n\n\n\n<p>Bankmannring 5<br>2100 Korneuburg<br>Tel.: 02262\/9025 \u2013 0<br>Email: post.bhko@noel.gv.at<br>Fax: 02262\/9025 \u2013 29000<\/p>\n\n\n\n<p><strong>Member of:<\/strong>&nbsp;WKO, Universitas, AIIC<\/p>\n\n\n\n<p><strong>Professional Regulations:&nbsp;<\/strong>Gewerbeordnung: www.ris.bka.gv.at<\/p>\n\n\n\n<h2 class=\"wp-block-heading\" id=\"haftung-fur-inhalte-dieser-website\">Liability for the content of this website<\/h2>\n\n\n\n<p>We continuously develop and update the content of this website and strive to provide accurate and up-to-date information. However, we cannot accept any liability for the correctness of all content on this website, especially for content provided by third parties.\n\nAs a service provider, we are not obliged to monitor information transmitted or stored by users, nor to actively investigate circumstances that may indicate unlawful activity.<\/p>\n\n\n\n<p>Our obligations to remove information or to block the use of information in accordance with general laws, based on court or official orders, remain unaffected even in cases where we are not responsible for the content.<\/p>\n\n\n\n<p>If you become aware of any problematic or unlawful content, please contact us immediately so that we can remove such content without delay. You will find our contact details in the legal notice (imprint).<\/p>\n\n\n\n<h2 class=\"wp-block-heading\" id=\"haftung-fur-links-auf-dieser-website\">Liability for links on this website<\/h2>\n\n\n\n<p>Our website contains links to external websites for whose content we are not responsible. We assume no liability for linked websites, as we have no knowledge of any unlawful activities and none have come to our attention to date.\n\nShould any legal infringements become known to us, we will remove such links immediately.<\/p>\n\n\n\n<p>If you notice any unlawful links on our website, please contact us. You will find our contact details in the legal notice (imprint).<\/p>\n\n\n\n<h2 class=\"wp-block-heading\" id=\"urheberrechtshinweis\">Copyright notice<\/h2>\n\n\n\n<p>All content on this website (images, photographs, texts, videos) is subject to copyright law. Please contact us before distributing, reproducing, or otherwise using any content from this website, for example by republishing it on other websites.\n\nIf necessary, we will take legal action against the unauthorised use of any parts of the content on this website.<\/p>\n\n\n\n<p>If you find any content on this website that infringes copyright law, please contact us so that we can address the issue promptly. <a href=\"mailto:office@smileandarts.com\">office@smileandarts.com<\/a><\/p>\n\n\n\n<h2 class=\"wp-block-heading\" id=\"bildernachweis\">Image credits<\/h2>\n\n\n\n<p>The images, photographs, and graphics on this website are protected by copyright law.<\/p>\n\n\n\n<p><strong>Image rights are held by:<\/strong><\/p>\n\n\n\n<ul class=\"wp-block-list\">\n<li>SMILE-Translations<\/li>\n\n\n\n<li>Foto Jane Goodall: SPAR_Tischler, https:\/\/janegoodall.at<\/li>\n\n\n\n<li>hcneuhold.com<\/li>\n\n\n\n<li>pinguin-systeme.at<\/li>\n\n\n\n<li>seg.events<\/li>\n\n\n\n<li>AdobeStock<\/li>\n\n\n\n<li>Envato Elements<\/li>\n<\/ul>\n\n\n\n<h2 class=\"wp-block-heading\" id=\"weitere-onlineauftritte\">Additional online presences<\/h2>\n\n\n\n<p><strong>This legal notice also applies to<\/strong><br><a href=\"https:\/\/www.facebook.com\/smiletranslationsaustria\" target=\"_blank\" rel=\"noreferrer noopener\">https:\/\/www.facebook.com\/smiletranslationsaustria<\/a><br><a href=\"https:\/\/www.instagram.com\/smile_translation\/\" target=\"_blank\" rel=\"noreferrer noopener\">https:\/\/www.instagram.com\/smile_translation\/<\/a><\/p>\n\n\n\n<p>All texts are protected by copyright law. The texts may contain elements generated with the support of artificial intelligence.<\/p>","protected":false},"excerpt":{"rendered":"<p>Impressum SMILE &amp; Arts GmbH Gesch\u00e4ftsf\u00fchrer: Mag. Michaela Harnacker-Leithner, MA | Franz HarnackerZ\u00f6gernsee 232000 Stockerau\u00d6sterreich Tel.: +43 (0)2266 \/ 72041E-Mail: office@smileandarts.com Firmenbuchnummer:&nbsp;FN368474z Firmenbuchgericht:&nbsp;Landesgericht Korneuburg UID-Nummer:&nbsp;ATU 66735269 GLN-Nummer:&nbsp;9110017798898 GISA:&nbsp;13011710, 13011703 Unternehmensgegenstand:&nbsp;Sprachdienstleistungen Beh\u00f6rde:&nbsp;Bezirkshauptmannschaft Korneuburg Bankmannring 52100 KorneuburgTel.: 02262\/9025 \u2013 0Email: post.bhko@noel.gv.atFax: 02262\/9025 \u2013 29000 Mitglied bei:&nbsp;WKO, Universitas, AIIC Berufsrecht:&nbsp;Gewerbeordnung: www.ris.bka.gv.at Haftung f\u00fcr Inhalte dieser Website Wir entwickeln [&hellip;]<\/p>\n","protected":false},"author":2,"featured_media":0,"parent":0,"menu_order":0,"comment_status":"closed","ping_status":"closed","template":"","meta":{"_acf_changed":false,"_gspb_post_css":"","footnotes":""},"class_list":["post-1273","page","type-page","status-publish","hentry"],"blocksy_meta":{"has_hero_section":"disabled","styles_descriptor":{"styles":{"desktop":"","tablet":"","mobile":""},"google_fonts":[],"version":6}},"acf":[],"yoast_head":"<!-- This site is optimized with the Yoast SEO plugin v27.3 - https:\/\/yoast.com\/product\/yoast-seo-wordpress\/ -->\n<title>Impressum - SMILE and ARTS<\/title>\n<meta name=\"description\" content=\"Rechtliche Informationen zu SMILE &amp; Arts.\" \/>\n<meta name=\"robots\" content=\"index, follow, max-snippet:-1, max-image-preview:large, max-video-preview:-1\" \/>\n<link rel=\"canonical\" href=\"https:\/\/smileandarts.com\/en\/imprint-smile-arts\/\" \/>\n<meta property=\"og:locale\" content=\"en_GB\" \/>\n<meta property=\"og:type\" content=\"article\" \/>\n<meta property=\"og:title\" content=\"Impressum - SMILE and ARTS\" \/>\n<meta property=\"og:description\" content=\"Rechtliche Informationen zu SMILE &amp; Arts.\" \/>\n<meta property=\"og:url\" content=\"https:\/\/smileandarts.com\/en\/imprint-smile-arts\/\" \/>\n<meta property=\"og:site_name\" content=\"SMILE and ARTS\" \/>\n<meta property=\"article:publisher\" content=\"https:\/\/www.facebook.com\/smiletranslationsaustria\" \/>\n<meta property=\"article:modified_time\" content=\"2026-01-22T13:39:08+00:00\" \/>\n<meta property=\"og:image\" content=\"https:\/\/smileandarts.com\/wp-content\/uploads\/2025\/12\/Smile_MichiFranz.webp\" \/>\n\t<meta property=\"og:image:width\" content=\"1500\" \/>\n\t<meta property=\"og:image:height\" content=\"1170\" \/>\n\t<meta property=\"og:image:type\" content=\"image\/webp\" \/>\n<meta name=\"twitter:card\" content=\"summary_large_image\" \/>\n<meta name=\"twitter:label1\" content=\"Estimated reading time\" \/>\n\t<meta name=\"twitter:data1\" content=\"3 minutes\" \/>\n<script type=\"application\/ld+json\" class=\"yoast-schema-graph\">{\"@context\":\"https:\\\/\\\/schema.org\",\"@graph\":[{\"@type\":\"WebPage\",\"@id\":\"https:\\\/\\\/smileandarts.com\\\/imprint-smile-arts\\\/\",\"url\":\"https:\\\/\\\/smileandarts.com\\\/imprint-smile-arts\\\/\",\"name\":\"Impressum - SMILE and ARTS\",\"isPartOf\":{\"@id\":\"https:\\\/\\\/smileandarts.com\\\/#website\"},\"datePublished\":\"2025-11-17T17:09:12+00:00\",\"dateModified\":\"2026-01-22T13:39:08+00:00\",\"description\":\"Rechtliche Informationen zu SMILE & Arts.\",\"breadcrumb\":{\"@id\":\"https:\\\/\\\/smileandarts.com\\\/imprint-smile-arts\\\/#breadcrumb\"},\"inLanguage\":\"en-GB\",\"potentialAction\":[{\"@type\":\"ReadAction\",\"target\":[\"https:\\\/\\\/smileandarts.com\\\/imprint-smile-arts\\\/\"]}]},{\"@type\":\"BreadcrumbList\",\"@id\":\"https:\\\/\\\/smileandarts.com\\\/imprint-smile-arts\\\/#breadcrumb\",\"itemListElement\":[{\"@type\":\"ListItem\",\"position\":1,\"name\":\"Startseite\",\"item\":\"https:\\\/\\\/smileandarts.com\\\/\"},{\"@type\":\"ListItem\",\"position\":2,\"name\":\"Impressum\"}]},{\"@type\":\"WebSite\",\"@id\":\"https:\\\/\\\/smileandarts.com\\\/#website\",\"url\":\"https:\\\/\\\/smileandarts.com\\\/\",\"name\":\"SMILE and ARTS\",\"description\":\"Die Eventagentur in Wien\",\"publisher\":{\"@id\":\"https:\\\/\\\/smileandarts.com\\\/#organization\"},\"potentialAction\":[{\"@type\":\"SearchAction\",\"target\":{\"@type\":\"EntryPoint\",\"urlTemplate\":\"https:\\\/\\\/smileandarts.com\\\/?s={search_term_string}\"},\"query-input\":{\"@type\":\"PropertyValueSpecification\",\"valueRequired\":true,\"valueName\":\"search_term_string\"}}],\"inLanguage\":\"en-GB\"},{\"@type\":\"Organization\",\"@id\":\"https:\\\/\\\/smileandarts.com\\\/#organization\",\"name\":\"SMILE and ARTS\",\"url\":\"https:\\\/\\\/smileandarts.com\\\/\",\"logo\":{\"@type\":\"ImageObject\",\"inLanguage\":\"en-GB\",\"@id\":\"https:\\\/\\\/smileandarts.com\\\/#\\\/schema\\\/logo\\\/image\\\/\",\"url\":\"https:\\\/\\\/smileandarts.com\\\/wp-content\\\/uploads\\\/2025\\\/11\\\/1SmileGoldLogo-1.svg\",\"contentUrl\":\"https:\\\/\\\/smileandarts.com\\\/wp-content\\\/uploads\\\/2025\\\/11\\\/1SmileGoldLogo-1.svg\",\"width\":497,\"height\":200,\"caption\":\"SMILE and ARTS\"},\"image\":{\"@id\":\"https:\\\/\\\/smileandarts.com\\\/#\\\/schema\\\/logo\\\/image\\\/\"},\"sameAs\":[\"https:\\\/\\\/www.facebook.com\\\/smiletranslationsaustria\",\"https:\\\/\\\/www.instagram.com\\\/smile_translations\\\/\",\"https:\\\/\\\/at.linkedin.com\\\/company\\\/smile-translations\"]}]}<\/script>\n<!-- \/ Yoast SEO plugin. -->","yoast_head_json":{"title":"Impressum - SMILE and ARTS","description":"Rechtliche Informationen zu SMILE & Arts.","robots":{"index":"index","follow":"follow","max-snippet":"max-snippet:-1","max-image-preview":"max-image-preview:large","max-video-preview":"max-video-preview:-1"},"canonical":"https:\/\/smileandarts.com\/en\/imprint-smile-arts\/","og_locale":"en_GB","og_type":"article","og_title":"Impressum - SMILE and ARTS","og_description":"Rechtliche Informationen zu SMILE & Arts.","og_url":"https:\/\/smileandarts.com\/en\/imprint-smile-arts\/","og_site_name":"SMILE and ARTS","article_publisher":"https:\/\/www.facebook.com\/smiletranslationsaustria","article_modified_time":"2026-01-22T13:39:08+00:00","og_image":[{"width":1500,"height":1170,"url":"https:\/\/smileandarts.com\/wp-content\/uploads\/2025\/12\/Smile_MichiFranz.webp","type":"image\/webp"}],"twitter_card":"summary_large_image","twitter_misc":{"Estimated reading time":"3 minutes"},"schema":{"@context":"https:\/\/schema.org","@graph":[{"@type":"WebPage","@id":"https:\/\/smileandarts.com\/imprint-smile-arts\/","url":"https:\/\/smileandarts.com\/imprint-smile-arts\/","name":"Impressum - SMILE and ARTS","isPartOf":{"@id":"https:\/\/smileandarts.com\/#website"},"datePublished":"2025-11-17T17:09:12+00:00","dateModified":"2026-01-22T13:39:08+00:00","description":"Rechtliche Informationen zu SMILE & Arts.","breadcrumb":{"@id":"https:\/\/smileandarts.com\/imprint-smile-arts\/#breadcrumb"},"inLanguage":"en-GB","potentialAction":[{"@type":"ReadAction","target":["https:\/\/smileandarts.com\/imprint-smile-arts\/"]}]},{"@type":"BreadcrumbList","@id":"https:\/\/smileandarts.com\/imprint-smile-arts\/#breadcrumb","itemListElement":[{"@type":"ListItem","position":1,"name":"Startseite","item":"https:\/\/smileandarts.com\/"},{"@type":"ListItem","position":2,"name":"Impressum"}]},{"@type":"WebSite","@id":"https:\/\/smileandarts.com\/#website","url":"https:\/\/smileandarts.com\/","name":"SMILE and ARTS","description":"Die Eventagentur in Wien","publisher":{"@id":"https:\/\/smileandarts.com\/#organization"},"potentialAction":[{"@type":"SearchAction","target":{"@type":"EntryPoint","urlTemplate":"https:\/\/smileandarts.com\/?s={search_term_string}"},"query-input":{"@type":"PropertyValueSpecification","valueRequired":true,"valueName":"search_term_string"}}],"inLanguage":"en-GB"},{"@type":"Organization","@id":"https:\/\/smileandarts.com\/#organization","name":"SMILE and ARTS","url":"https:\/\/smileandarts.com\/","logo":{"@type":"ImageObject","inLanguage":"en-GB","@id":"https:\/\/smileandarts.com\/#\/schema\/logo\/image\/","url":"https:\/\/smileandarts.com\/wp-content\/uploads\/2025\/11\/1SmileGoldLogo-1.svg","contentUrl":"https:\/\/smileandarts.com\/wp-content\/uploads\/2025\/11\/1SmileGoldLogo-1.svg","width":497,"height":200,"caption":"SMILE and ARTS"},"image":{"@id":"https:\/\/smileandarts.com\/#\/schema\/logo\/image\/"},"sameAs":["https:\/\/www.facebook.com\/smiletranslationsaustria","https:\/\/www.instagram.com\/smile_translations\/","https:\/\/at.linkedin.com\/company\/smile-translations"]}]}},"_links":{"self":[{"href":"https:\/\/smileandarts.com\/en\/wp-json\/wp\/v2\/pages\/1273","targetHints":{"allow":["GET"]}}],"collection":[{"href":"https:\/\/smileandarts.com\/en\/wp-json\/wp\/v2\/pages"}],"about":[{"href":"https:\/\/smileandarts.com\/en\/wp-json\/wp\/v2\/types\/page"}],"author":[{"embeddable":true,"href":"https:\/\/smileandarts.com\/en\/wp-json\/wp\/v2\/users\/2"}],"replies":[{"embeddable":true,"href":"https:\/\/smileandarts.com\/en\/wp-json\/wp\/v2\/comments?post=1273"}],"version-history":[{"count":12,"href":"https:\/\/smileandarts.com\/en\/wp-json\/wp\/v2\/pages\/1273\/revisions"}],"predecessor-version":[{"id":1798,"href":"https:\/\/smileandarts.com\/en\/wp-json\/wp\/v2\/pages\/1273\/revisions\/1798"}],"wp:attachment":[{"href":"https:\/\/smileandarts.com\/en\/wp-json\/wp\/v2\/media?parent=1273"}],"curies":[{"name":"wp","href":"https:\/\/api.w.org\/{rel}","templated":true}]}}